{"id":121,"date":"2021-10-15T22:11:11","date_gmt":"2021-10-15T22:11:11","guid":{"rendered":"http:\/\/tantraelyogadelamor.com\/?page_id=121"},"modified":"2021-10-15T22:11:48","modified_gmt":"2021-10-15T22:11:48","slug":"tantra-para-un-hombre-de-negocios-alivio-y-prevencion-de-ansiedad-y-estres","status":"publish","type":"page","link":"https:\/\/tantraelyogadelamor.com\/index.php\/tantra-para-un-hombre-de-negocios-alivio-y-prevencion-de-ansiedad-y-estres\/","title":{"rendered":"TANTRA PARA UN HOMBRE DE NEGOCIOS: Alivio y Prevenci\u00f3n de Ansiedad y Estr\u00e9s"},"content":{"rendered":"\n<p>Al recibir un masaje se estimula la producci\u00f3n de endorfinas en el cuerpo, que son las responsables de aliviar los tejidos musculares. Sin embargo, los Masajes Er\u00f3ticos aumentan la producci\u00f3n, no s\u00f3lo de endorfinas, sino tambi\u00e9n de dopamina y serotonina. Estas sustancias sirven como sedantes naturales e inductores de euforia. En efecto, los Masajes t\u00e1ntricos er\u00f3ticos brindan grandes dosis de relajaci\u00f3n y placer, eliminando el estr\u00e9s y la ansiedad. Los empresarios que reciben regularmente Masajes Er\u00f3ticos est\u00e1n m\u00e1s capacitados para funcionar con una clara agudeza mental y vivir as\u00ed saludables y felices.<br>Te invito a visitar mi p\u00e1gina web: www.tantraelyogadelamor.com<\/p>\n","protected":false},"excerpt":{"rendered":"<p>Al recibir un masaje se estimula la producci\u00f3n de endorfinas en el cuerpo, que son las responsables de aliviar los tejidos musculares. Sin embargo, los Masajes Er\u00f3ticos aumentan la producci\u00f3n, no s\u00f3lo de endorfinas, sino tambi\u00e9n de dopamina y serotonina. Estas sustancias sirven como sedantes naturales e inductores de euforia. En efecto, los Masajes t\u00e1ntricos er\u00f3ticos brindan grandes dosis de relajaci\u00f3n y placer, eliminando el estr\u00e9s y la ansiedad. Los empresarios que reciben regularmente Masajes Er\u00f3ticos est\u00e1n m\u00e1s capacitados para funcionar con una clara agudeza mental y vivir as\u00ed saludables y felices.Te invito a visitar mi p\u00e1gina web: www.tantraelyogadelamor.com<\/p>\n","protected":false},"author":1,"featured_media":122,"parent":0,"menu_order":0,"comment_status":"closed","ping_status":"closed","template":"","meta":{"_mi_skip_tracking":false},"_links":{"self":[{"href":"https:\/\/tantraelyogadelamor.com\/index.php\/wp-json\/wp\/v2\/pages\/121"}],"collection":[{"href":"https:\/\/tantraelyogadelamor.com\/index.php\/wp-json\/wp\/v2\/pages"}],"about":[{"href":"https:\/\/tantraelyogadelamor.com\/index.php\/wp-json\/wp\/v2\/types\/page"}],"author":[{"embeddable":true,"href":"https:\/\/tantraelyogadelamor.com\/index.php\/wp-json\/wp\/v2\/users\/1"}],"replies":[{"embeddable":true,"href":"https:\/\/tantraelyogadelamor.com\/index.php\/wp-json\/wp\/v2\/comments?post=121"}],"version-history":[{"count":1,"href":"https:\/\/tantraelyogadelamor.com\/index.php\/wp-json\/wp\/v2\/pages\/121\/revisions"}],"predecessor-version":[{"id":123,"href":"https:\/\/tantraelyogadelamor.com\/index.php\/wp-json\/wp\/v2\/pages\/121\/revisions\/123"}],"wp:featuredmedia":[{"embeddable":true,"href":"https:\/\/tantraelyogadelamor.com\/index.php\/wp-json\/wp\/v2\/media\/122"}],"wp:attachment":[{"href":"https:\/\/tantraelyogadelamor.com\/index.php\/wp-json\/wp\/v2\/media?parent=121"}],"curies":[{"name":"wp","href":"https:\/\/api.w.org\/{rel}","templated":true}]}}