{"id":17,"date":"2021-10-02T12:42:11","date_gmt":"2021-10-02T12:42:11","guid":{"rendered":"http:\/\/tantraelyogadelamor.com\/?page_id=17"},"modified":"2021-10-02T12:45:57","modified_gmt":"2021-10-02T12:45:57","slug":"tantra","status":"publish","type":"page","link":"https:\/\/tantraelyogadelamor.com\/index.php\/tantra\/","title":{"rendered":"Tantra"},"content":{"rendered":"\n<p>Tantra propone un m\u00e9todo curativo.<br>No atiendo a nadie sin charla introductoria, no doy turno para el mismo d\u00eda, tengo mucho compromiso y me gusta trabajar con responsabilidad,<br>Es muy importante un encuentro personalizado y relajado.<br>Respetando siempre los protocolos del Gobierno Nacional (DNU), la pr\u00e1ctica es presencial: individual y\/o parejas.&nbsp;<br>\u00danico requisito. La reserva se hace \u00fanicamente por transferencia,&nbsp;<br>(Solicitar Cuenta (CBU)por WhatsApp al 1130671233) para la transacci\u00f3n.&nbsp;<\/p>\n\n\n\n<p>Costo de reserva individual $2000. El resto lo abonas en el centro ASHRAM TANTRA.&nbsp;<\/p>\n\n\n\n<p>Costo de reserva, parejas por transferencia con ($4000)es la forma mas segura y confiable,&nbsp; tu ticket de comprobante es tu seguridad y la m\u00eda. Vos me cuidas a mi yo te cuido a vos. El resto lo abonas en el centro ASHRAM TANTRA.&nbsp;<br>Requisito importante para la pr\u00e1ctica entrevista previa con la maestra Ashli<\/p>\n\n\n\n<p>INICIACI\u00d3N AL TANTRA. SABIDUR\u00cdA&nbsp; MILENARIA T\u00c1NTRA EL YOGA DEL AMOR.<br>T\u00c1NTRA CONSCIENTE, TE ESPERAMOS EN UN LUGAR CONFORTABLE COMPLETAMENTE DISE\u00d1ADO PARA EL TANTRA.<br>ES UN ESPACIO SAGRADO ,LLENO DE AMOR, RESPETO Y PLACLER:&nbsp;<br>YOGA TANTRICO ES UN ARTE CORPORAL SENSIBLE Y PROFUNDO, LA ENERGIA QUE MANEJO ES DE MUY ALTA FRECUENCIA,&nbsp; TODO CON CALMA Y LENTITUD. ESTA BASADO EN LO M\u00c1S PROFUNDO DEL AMOR, LA SEXUALIDAD DEBE SER TRATADA CON DELICADEZA, AMADA ,CUIDADA\u2026 DE LO&nbsp; CONTRARIO TRAE SU CONSECUENCIA.&nbsp;<br>EJERCICIOS TANTRICOS kEGEL PARA FORTALECIMIENTO DE LOS MUSCULOS&nbsp; PUBOCCCIGEOS SEXUAL, RESPIRACI\u00d3N ORGASMICA Y MASAJES&nbsp; CHAKRAS PARA ARMONIZAR LOS 7 CENTRO DE ENERG\u00cdA&nbsp;<br>PRACTICA PARA DEBLOQUEAR PROBLEMAS DE DISCUSIONES SEXUALES.<br>EYACULACION PRECOZ IMPOTENCIA SEXUAL MASCULINA INANORGASMIA FEMENINA.<\/p>\n\n\n\n<p>ENCUENTRO MEDITATIVO, PARA SIMBOLIZAR LA UNI\u00d3N SAGRADO DESDE LA DIVINIDAD: ENTRE&nbsp; (CHIVA &amp; SHAKTY) PARA CRECER Y EVOLUCIONAR JUNTOS.<\/p>\n\n\n\n<p>LAS 4 LLAVES PRINCIPALES DEL TANTRA ES, LA RESPIRACI\u00d3N, LA PRESENCIA, EL SONIDO Y EL MOVIMIENTO.&nbsp;<br>La energ\u00eda es una energ\u00eda muy amorosa y no debe ser prostituida, ni forzada, menos invasiva, debemos practicar con mucho respeto y amor no hacer nada de lo que nos hagan sentir un mal momento aprender a ser&nbsp; receptivo para percibir y sentir el movimiento de la energ\u00eda como fluye naturalmente con gozo y total libertad y absoluta entrega, a trav\u00e9s de ella podamos despertar de la energia kundalini que representa LA SERPIENTE dormida en la base de la columna vertebral, a trav\u00e9s del movimiento de ella, la SHAKTY nos conectarnos con nuestra esencia divina Nirvana estado supremo de felicidad, despertando a la vida. Plenitud total.&nbsp;<\/p>\n\n\n\n<p>&#8220;Tantra es para todo pero no todo es para tantra&#8221;<\/p>\n\n\n\n<p>EN NUESTRO CENTRO ASHRAM &#8220;NO SE BRINDA SEXO&#8221; OJO NO A LA CONFUSI\u00d3N&nbsp; ESTO ES TANTRA, NO PROSTITUCI\u00d3N.&nbsp;<\/p>\n\n\n\n<p>TANTRA &amp; PROGRAMA COMPLETO&nbsp; SOBRE EL&nbsp; M\u00c9TODO DE SEXUALIDAD&nbsp; SAGRADA TANTRICA .<br>TANTRA YOGA KUNDALINI.&nbsp;<\/p>\n\n\n\n<p>T\u00c9CNICAS TANTRICAS: Una pr\u00e1ctica que requiere de mucho amor y sabidur\u00eda sobre todo crear buena qu\u00edmica con el otro ,para poder vibrar en&nbsp; sintonia y trascender de la experiencia<br>ASANAS (postura para purificar el vehiculo fisico.<br>PRANAYAMA (t\u00e9cnica de respiraci\u00f3n para expandir la conciencia.&nbsp;<br>DHYANA (Meditaci\u00f3n&nbsp; para que te afines a ti mismo con la corriente divina.<br>MANTRAS ( armonizar los 7 centro de chackras ,con sonidos trascendentes que resuena en el cuerpo.<br>MUDRAS ( gestos que activan las energias en el cuerpo.<br>BANDHAS ( ejercicios de m\u00fasculos pubocoxigeos&nbsp; para fortaceler y desbloquear los nudos de energ\u00eda, conservar y mover las fuerzas pr\u00e1nicas.<\/p>\n\n\n\n<p>MASAJES&nbsp; KUNDALINI PREMAHITUNA Y RITUAL ( Se hace desnudo o vestidos) es un acto amoroso sumamente sagrado, en esta pr\u00e1ctica la mujer y el hombre se prepara colocandose uno frente a otro&nbsp; mirandose a los ojos para simbolizar&nbsp; la experiencia de elevaci\u00f3n&nbsp; de riquesa y de conciencia, el tantra busca el despertar de todos los sentidos, la sensibilidad los aromas en un ambiente c\u00e1lido a la luz de las velas para intensificar el placer, la respiraci\u00f3n completa te da la herramienta necesaria para poder trabajar sobre los problemas de disfusiones sexuales como la impotencia sexual y la eyaculaci\u00f3n precoz, y sobre todo&nbsp; te ayuda a prolongar y restrasar controlando el orgasmo hasta el maximo placer.<br>La pr\u00e1ctica de tantra es la manera de entretejer lo femenino y masculino, la energia positiva y negativa para retomar la unidad c\u00f3smica vibrando como una sola, sintiendo el cuerpo la mente y el esp\u00edritu.&nbsp;<br>Tantra posee un delicioso masajes energeticos basado en la sexualidad sagrada y espiritualidad, a trav\u00e9s de esta experiencia vas a encontrar el equilibrio entre tu propio Shiva y Shakti interior, con la pr\u00e1ctica mantendr\u00e1 tu energia en un nivel \u00f3ptimo, es un encuentro que cambiar\u00e1 tu vida&nbsp; y sanar\u00e1 tu alma.<\/p>\n\n\n\n<p>TANTRA Y SEXUALIDAD ES PARA AQUELLOS QUE QUIERAN DESCUBRIR NUEVAS SESACIONES DE GOCES Y PLACLER.<br>TANTRA UNA PR\u00c1CTICA SAGRADA CONSCIENTE<\/p>\n\n\n\n<p>POR PRIMERA VEZ SI VENIS SOLO\/A SIEMPRE SE REQUIERE.&nbsp;<br>ENTREVISTA&nbsp; PREVIA. COSTO TOTAL INDIVIDUAL INCLUYE CHARLA SOBRE EL M\u00c9TODO T\u00c1NTRICO Y SUS BENEFICIOS Y UNA HORA Y MEDIA DE PR\u00c1CTICA DE TANTRA YOGA KUNDALINI Y MASAJES T\u00c1NTRICOS&nbsp;.<br>UNA HORA Y MEDIA.<br>LA&nbsp; RESERVA SE HACE CON $ 2000, PARA ASEGURAR TU CUPO,Y ES CON ANTICIPACI\u00d3N, \u00daNICAMENTE&nbsp; POR TRANSFERENCIA.&nbsp;<\/p>\n\n\n\n<p>PARA LOS PARTICIPANTES HABITUALES HAY VARIAS SESIONES DE:<br>1HORA DE PR\u00c1CTICA YOGA TANTRA Y MASAJES.<\/p>\n\n\n\n<p>1&nbsp; HORA y MEDIA PR\u00c1CTICA DE TANTRA YOGA KUNDALINI Y MASAJES.<\/p>\n\n\n\n<p>2 HORAS &nbsp; PR\u00c1CTICA DE TANTRA YOGA KUNDALINI Y MASAJES T\u00c1NTRICOS.<\/p>\n\n\n\n<p>QUER\u00c9S SER FELIZ CON TU PAREJA? TE INVITO A DESCUBRIR TODA LA MAGIA QUE POSEE EL TANTRA PARA TU DESARROLLO PERSONAL Y ESPIRITUAL.<br>SEXUALIDAD SAGRADA TANTRICA PARA PAREJAS AUDACES.&nbsp;<\/p>\n\n\n\n<p>ENTREVISTA PREVIA Y PR\u00c1CTICA : PARA PAREJAS, Reserva por transferencia$4000) PARA ASEGURAR TU CUPO.<\/p>\n\n\n\n<p>MASAJES&nbsp; M\u00cdSTICA ER\u00d3TICA TANTRICA<br>PARA LA PAREJA QUE QUIERAN VIVIR UNA LINDA EXPERIENCIA TANTRICA<br>MASAJES SECRETO DE YONI&nbsp; PARA ELLA. MASAJES SAGRADO LINGAM PARA EL.<br>ES UN ENCUENTRO PARA FUSIONARTE CON TU AMADO\/DA DESDE LA DIVINIDAD Y DESPIERTAR TODOS SUS SENTIDOS.<br>PARA PAREJAS AUDACES PRACTICA NUDISTAS: Sesi\u00f3n especial a la luz de las velas, lleno de&nbsp; magia y emociones&nbsp; sensualidad sagrada y espiritualidad. Duraci\u00f3n aproximada 2:30 horas.<\/p>\n\n\n\n<p>Segunda opci\u00f3n con dos masajistas &#8220;mujer y hombre&#8221; expertos en conocimientos. Ashli y Juan Pablo la pareja estaran unidos desde el alma en la misma Sala sagrada.<\/p>\n\n\n\n<p>TANTRA TE OFRECE TODA LA COMODIDAD, PENSADO&nbsp; PARA VOS Y TU PAREJA, SET DE SPA KIT DE&nbsp; DUCHA PARA EL BIENESTAR Y&nbsp; DISFRUTE. CALIDAD Y CONFORT.<\/p>\n\n\n\n<p>(Aclaro los mensajes Terap\u00e9uticos no tienen nada que ver con TANTRA )ERES LO QUE VIVIS CONTRACTURADOS\/A Y ESTRENADOS\/A? Estas son las opciones.<br>TERAPIA DE BIOENERG\u00cdA SONOROS VIBRACIONALES<br>MASAJES TERAP\u00c9UTICOS DESCONTRACTURANTES .<br>MASAJES TIBETANO integral en todo el cuerpo.<\/p>\n\n\n\n<p>SI ERES DEPORTISTAS, te recomiendo un buen masajes deportivos. T\u00e9cnicas Orientales Asi\u00e1ticos Cai Bei para desbloqueo de energ\u00eda, ideal para calmar dolencias contracturas dolor de espalda y estr\u00e9s.<br>No te lo pierdas los mensajes son buen\u00edsimo, hace tu reserva para asegurar tu cupo.<\/p>\n\n\n\n<p>Beneficios de M\u00e9todo Carezza: es un metodo para aprender a&nbsp; controlar la eyaculaci\u00f3n precoz:&nbsp; reserva de energ\u00eda; al no haber necesariamente eyaculaci\u00f3n en el hombre, su energ\u00eda sexual circula hacia arriba y no hacia afuera; lo que favorece su bienestar general. Sufr\u00eds de eyaculaci\u00f3n precoz o impotencia, baja de libido sexual? No dudes m\u00e1s!!! Tantra es la soluci\u00f3n!!! \u00a1An\u00edmate a vencer tus miedos, s\u00f3lo as\u00ed alcanzar\u00e1s una vida sexual plena.<br>Se requiere de compromiso y pr\u00e1ctica para lograr el resultado deseado.<br>Dirigidas para pacientes que padezcan difusiones sexuales.<br>La sexualidad es muy importamte en nuestra vida, es el motor y fuente de energia, la podemos vivir comp algo aburrido rutinario, vacio. O la podemos vivir como algo natural, hermoso, creativo, que nos impulsa a evolucionar y celebrar la vida en un estado de plenitud y gozo.<br>&nbsp;<br>T\u00c1NTRA Y El PLACER.<br>\u00c1brete a la experiencia m\u00e1s pura de emocionarte, c\u00e9ntrate en la m\u00e1gica magn\u00e9tica de&nbsp; vivir y amar tu sexualidad profundamente. Aprender\u00e1s c\u00f3mo vivir tu sexualidad como un profundo \u00e9xtasis de experiencia espiritual. Descubrir\u00e1s \u201cEl Arte del T\u00e1ntra\u201d.<\/p>\n\n\n\n<p>Confirmar asistencia con nombre completo y edad HORARIO DE ATENCI\u00d3N: DE LUNES A S\u00c1BADOS DE 09:00 A 20:00 HORAS. Y los Domingos y Feriados es opcional con estricta reserva a combinar.<\/p>\n\n\n\n<p>Nos encontramos en el barrio de Almagro sobre Av. Corrientes 4553 de la C.A.B.A.<\/p>\n\n\n\n<p>Dirigida por la maestra facilitadora de filosof\u00eda t\u00e1ntrica.<br>Adi Shakti! Namaste!!<\/p>\n","protected":false},"excerpt":{"rendered":"<p>Tantra propone un m\u00e9todo curativo.No atiendo a nadie sin charla introductoria, no doy turno para el mismo d\u00eda, tengo mucho compromiso y me gusta trabajar con responsabilidad,Es muy importante un encuentro personalizado y relajado.Respetando siempre los protocolos del Gobierno Nacional (DNU), la pr\u00e1ctica es presencial: individual y\/o parejas.&nbsp;\u00danico requisito. La reserva se hace \u00fanicamente por transferencia,&nbsp;(Solicitar Cuenta (CBU)por WhatsApp al 1130671233) para la transacci\u00f3n.&nbsp; Costo de reserva individual $2000. El resto lo abonas en el centro ASHRAM TANTRA.&nbsp; Costo de reserva, parejas por transferencia con ($4000)es la forma mas segura y confiable,&nbsp; tu ticket de comprobante es tu seguridad y [&hellip;]<\/p>\n","protected":false},"author":1,"featured_media":20,"parent":0,"menu_order":0,"comment_status":"closed","ping_status":"closed","template":"","meta":{"_mi_skip_tracking":false},"_links":{"self":[{"href":"https:\/\/tantraelyogadelamor.com\/index.php\/wp-json\/wp\/v2\/pages\/17"}],"collection":[{"href":"https:\/\/tantraelyogadelamor.com\/index.php\/wp-json\/wp\/v2\/pages"}],"about":[{"href":"https:\/\/tantraelyogadelamor.com\/index.php\/wp-json\/wp\/v2\/types\/page"}],"author":[{"embeddable":true,"href":"https:\/\/tantraelyogadelamor.com\/index.php\/wp-json\/wp\/v2\/users\/1"}],"replies":[{"embeddable":true,"href":"https:\/\/tantraelyogadelamor.com\/index.php\/wp-json\/wp\/v2\/comments?post=17"}],"version-history":[{"count":2,"href":"https:\/\/tantraelyogadelamor.com\/index.php\/wp-json\/wp\/v2\/pages\/17\/revisions"}],"predecessor-version":[{"id":21,"href":"https:\/\/tantraelyogadelamor.com\/index.php\/wp-json\/wp\/v2\/pages\/17\/revisions\/21"}],"wp:featuredmedia":[{"embeddable":true,"href":"https:\/\/tantraelyogadelamor.com\/index.php\/wp-json\/wp\/v2\/media\/20"}],"wp:attachment":[{"href":"https:\/\/tantraelyogadelamor.com\/index.php\/wp-json\/wp\/v2\/media?parent=17"}],"curies":[{"name":"wp","href":"https:\/\/api.w.org\/{rel}","templated":true}]}}