{"id":37,"date":"2021-10-02T20:52:15","date_gmt":"2021-10-02T20:52:15","guid":{"rendered":"http:\/\/tantraelyogadelamor.com\/?page_id=37"},"modified":"2021-10-02T20:52:16","modified_gmt":"2021-10-02T20:52:16","slug":"sanacion-tantrica","status":"publish","type":"page","link":"https:\/\/tantraelyogadelamor.com\/index.php\/sanacion-tantrica\/","title":{"rendered":"Sanaci\u00f3n Tantrica"},"content":{"rendered":"\n<p>El Tantra cuenta con masajes sensuales envolventes y energizantes que consisten en grandes movimientos de uni\u00f3n entre todas las partes del cuerpo y el tacto sobre los 7 chakras (Puntos de energ\u00eda), los movimientos de los masajes consisten en presiones ligeras, suaves y lentas, se realizan desde los pies a la cabeza, Para as\u00ed introducir en el cuerpo un estremecimiento, una vibraci\u00f3n que hace dif\u00edcil cualquier pensamiento. La respiraci\u00f3n es importante en el masaje para desbloquear emociones e ir poco a poco hacia un estado de mayor estado de paz y tranquilidad. Tantra aconseja como muy importante &#8221; no perder la energ\u00eda sexual en el hombre&#8221;. Tal fuerza puede utilizarse para que hacienda por la columna astral y as\u00ed activar los 7 chakras de la conciencia. En esta activaci\u00f3n la energ\u00eda se eleva justamente con la presi\u00f3n interna de la luz interior como una puerta que se abre al infinito. Tantra dice: primero purificar el cuerpo de todas las represiones. Permite que la energ\u00eda del cuerpo fluya y as\u00ed eliminar todos los bloqueos existentes. Es muy dif\u00edcil encontrarse con una persona que no tenga bloqueos o con una persona que no tenga su cuerpo oprimido. Con tantra afloja este endurecimiento, esta tensi\u00f3n est\u00e1 bloqueada y tu energ\u00eda y el flujo no puede ser posible con esta tensi\u00f3n. Por qu\u00e9 todo el mundo est\u00e1 tan agobiado? Manos a la obra y a recuperar la energ\u00eda vital. Tantra es una revoluci\u00f3n interna para despojarse de toda las creencias moralidades y conceptos de la mente, para crear el espacio interno que uno precisa para conseguir la verdad infinita y temporal, aportandonos las herramientas de comprensi\u00f3n y aceptaci\u00f3n de nuestra naturaleza que nos permiten amarnos a nosotros mismos y a nuestro pr\u00f3jimo. Con el masaje t\u00e1ntrico entras en un estados muy profundo de meditaci\u00f3n, dejando muy atras el estres, la represi\u00f3n y todas las falsas creencias antinaturales creada por sistemas opresores del ser humano. M\u00e1s informaci\u00f3n sobre el m\u00e9todo tanto y sus beneficios y whatsapp 1130671233. Abrazo infinito t\u00e1ntrico. Adi Sakti. Namaste. \ud83d\ude4f\ud83c\udffb<\/p>\n","protected":false},"excerpt":{"rendered":"<p>El Tantra cuenta con masajes sensuales envolventes y energizantes que consisten en grandes movimientos de uni\u00f3n entre todas las partes del cuerpo y el tacto sobre los 7 chakras (Puntos de energ\u00eda), los movimientos de los masajes consisten en presiones ligeras, suaves y lentas, se realizan desde los pies a la cabeza, Para as\u00ed introducir en el cuerpo un estremecimiento, una vibraci\u00f3n que hace dif\u00edcil cualquier pensamiento. La respiraci\u00f3n es importante en el masaje para desbloquear emociones e ir poco a poco hacia un estado de mayor estado de paz y tranquilidad. Tantra aconseja como muy importante &#8221; no perder [&hellip;]<\/p>\n","protected":false},"author":1,"featured_media":38,"parent":0,"menu_order":0,"comment_status":"closed","ping_status":"closed","template":"","meta":{"_mi_skip_tracking":false},"_links":{"self":[{"href":"https:\/\/tantraelyogadelamor.com\/index.php\/wp-json\/wp\/v2\/pages\/37"}],"collection":[{"href":"https:\/\/tantraelyogadelamor.com\/index.php\/wp-json\/wp\/v2\/pages"}],"about":[{"href":"https:\/\/tantraelyogadelamor.com\/index.php\/wp-json\/wp\/v2\/types\/page"}],"author":[{"embeddable":true,"href":"https:\/\/tantraelyogadelamor.com\/index.php\/wp-json\/wp\/v2\/users\/1"}],"replies":[{"embeddable":true,"href":"https:\/\/tantraelyogadelamor.com\/index.php\/wp-json\/wp\/v2\/comments?post=37"}],"version-history":[{"count":1,"href":"https:\/\/tantraelyogadelamor.com\/index.php\/wp-json\/wp\/v2\/pages\/37\/revisions"}],"predecessor-version":[{"id":39,"href":"https:\/\/tantraelyogadelamor.com\/index.php\/wp-json\/wp\/v2\/pages\/37\/revisions\/39"}],"wp:featuredmedia":[{"embeddable":true,"href":"https:\/\/tantraelyogadelamor.com\/index.php\/wp-json\/wp\/v2\/media\/38"}],"wp:attachment":[{"href":"https:\/\/tantraelyogadelamor.com\/index.php\/wp-json\/wp\/v2\/media?parent=37"}],"curies":[{"name":"wp","href":"https:\/\/api.w.org\/{rel}","templated":true}]}}