{"id":46,"date":"2021-10-02T20:59:27","date_gmt":"2021-10-02T20:59:27","guid":{"rendered":"http:\/\/tantraelyogadelamor.com\/?page_id=46"},"modified":"2021-10-02T20:59:28","modified_gmt":"2021-10-02T20:59:28","slug":"masajes-tantricos","status":"publish","type":"page","link":"https:\/\/tantraelyogadelamor.com\/index.php\/masajes-tantricos\/","title":{"rendered":"MASAJES T\u00c1NTRICOS"},"content":{"rendered":"\n<p>El Tantra cuenta con: masajes sensuales envolventes y energizantes que consisten en grandes movimientos de uni\u00f3n entre todas las partes del cuerpo y el tacto sobre los 7 chakras (Puntos de energ\u00eda), los movimientos de los masajes consisten en presiones ligeras, suaves y lentas, se realizan desde los pies a la cabeza, para eliminar contracturas, estr\u00e9s, tensiones y cualquier agotamiento f\u00edsico, cu\u00e1ndo la energ\u00eda se encuentra en baja vibraci\u00f3n todo ser\u00e1 m\u00e1s dif\u00edcil, lo que buscamos a trav\u00e9s de esta pr\u00e1ctica es aumentar la vibraci\u00f3n para lograr el equilibrio f\u00edsico, entre cuerpo mente y esp\u00edritu. La respiraci\u00f3n es importante en el masaje para desbloquear emociones e ir poco a poco hacia un estado de mayor estado de paz y tranquilidad. Tantra aconseja como muy importante &#8221; no perder la energ\u00eda sexual en el hombre&#8221;. Tal fuerza puede utilizarse para que hacienda por la columna astral y as\u00ed activar los 7 chakras de la conciencia. En esta activaci\u00f3n la energ\u00eda se eleva justamente con la presi\u00f3n interna de la luz interior como una puerta que se abre al infinito. Tantra dice: primero purificar el cuerpo de todas las represiones. Permite que la energ\u00eda fluya y as\u00ed eliminar todos los bloqueos existentes.Con tantra afloja esta tensi\u00f3n bloqueada y tu energ\u00eda comienza a fluir de manera continua y natural. Manos a la obra y a recuperar la energ\u00eda vital. Tantra es una revoluci\u00f3n interna para despojarse de todas creencias limitantes moralidades y conceptos de la mente, para crear el espacio interno que uno precisa para conseguir la verdad infinita.<br>M\u00e1s informaci\u00f3n sobre el m\u00e9todo tanto y sus beneficios y whatsapp 1130671233. Abrazo infinito t\u00e1ntrico. Adi Sakti. Namaste. \ud83d\ude4f\ud83c\udffb<\/p>\n","protected":false},"excerpt":{"rendered":"<p>El Tantra cuenta con: masajes sensuales envolventes y energizantes que consisten en grandes movimientos de uni\u00f3n entre todas las partes del cuerpo y el tacto sobre los 7 chakras (Puntos de energ\u00eda), los movimientos de los masajes consisten en presiones ligeras, suaves y lentas, se realizan desde los pies a la cabeza, para eliminar contracturas, estr\u00e9s, tensiones y cualquier agotamiento f\u00edsico, cu\u00e1ndo la energ\u00eda se encuentra en baja vibraci\u00f3n todo ser\u00e1 m\u00e1s dif\u00edcil, lo que buscamos a trav\u00e9s de esta pr\u00e1ctica es aumentar la vibraci\u00f3n para lograr el equilibrio f\u00edsico, entre cuerpo mente y esp\u00edritu. La respiraci\u00f3n es importante en [&hellip;]<\/p>\n","protected":false},"author":1,"featured_media":47,"parent":0,"menu_order":0,"comment_status":"closed","ping_status":"closed","template":"","meta":{"_mi_skip_tracking":false},"_links":{"self":[{"href":"https:\/\/tantraelyogadelamor.com\/index.php\/wp-json\/wp\/v2\/pages\/46"}],"collection":[{"href":"https:\/\/tantraelyogadelamor.com\/index.php\/wp-json\/wp\/v2\/pages"}],"about":[{"href":"https:\/\/tantraelyogadelamor.com\/index.php\/wp-json\/wp\/v2\/types\/page"}],"author":[{"embeddable":true,"href":"https:\/\/tantraelyogadelamor.com\/index.php\/wp-json\/wp\/v2\/users\/1"}],"replies":[{"embeddable":true,"href":"https:\/\/tantraelyogadelamor.com\/index.php\/wp-json\/wp\/v2\/comments?post=46"}],"version-history":[{"count":1,"href":"https:\/\/tantraelyogadelamor.com\/index.php\/wp-json\/wp\/v2\/pages\/46\/revisions"}],"predecessor-version":[{"id":48,"href":"https:\/\/tantraelyogadelamor.com\/index.php\/wp-json\/wp\/v2\/pages\/46\/revisions\/48"}],"wp:featuredmedia":[{"embeddable":true,"href":"https:\/\/tantraelyogadelamor.com\/index.php\/wp-json\/wp\/v2\/media\/47"}],"wp:attachment":[{"href":"https:\/\/tantraelyogadelamor.com\/index.php\/wp-json\/wp\/v2\/media?parent=46"}],"curies":[{"name":"wp","href":"https:\/\/api.w.org\/{rel}","templated":true}]}}