{"id":50,"date":"2021-10-02T21:23:46","date_gmt":"2021-10-02T21:23:46","guid":{"rendered":"http:\/\/tantraelyogadelamor.com\/?page_id=50"},"modified":"2021-10-02T21:23:47","modified_gmt":"2021-10-02T21:23:47","slug":"control-tantrico","status":"publish","type":"page","link":"https:\/\/tantraelyogadelamor.com\/index.php\/control-tantrico\/","title":{"rendered":"CONTROL TANTRICO"},"content":{"rendered":"\n<p>\u00bfSUFRIS DE EYACULACI\u00d3N PRECOZ O DIFUSI\u00d3N SEXUAL?<br>\u00bfQUERES APRENDER A CONTROLARLO ATRAVES DEL M\u00c9TODOT\u00c1NTRICO?<\/p>\n\n\n\n<p>Controla la respiraci\u00f3n. Se dice que si controlas la respiraci\u00f3n, el semen tambi\u00e9n lo hace, es as\u00ed que cuando creas que est\u00e1s por eyacular, tienes que retener la respiraci\u00f3n por algunos segundos y exhalar lentamente. Ser\u00e1 dif\u00edcil al principio pero para nada imposible, gracias a mis m\u00e9todos y con compromiso puedes controlarlo.<br>Al principio de la pr\u00e1ctica del sexo t\u00e1ntrico, el hombre es quien debe controlar los movimientos, as\u00ed le ser\u00e1 m\u00e1s f\u00e1cil parar cuando \u00e9l lo crea necesario.<br>Lo mejor es la penetraci\u00f3n est\u00e1tica, un tiempo en el que la quietud y la energ\u00eda sexual los lleve a lugares hasta el momento desconocidos.<br>Presiona la zona del perineo (entre los test\u00edculos y el ano) para detener la salida del semen y seguir disfrutando. No te preocupes, tampoco debes presionarte. Poco a poco tendr\u00e1s m\u00e1s control sobre tu cuerpo, sensaciones y energ\u00eda.<br>Si el momento ha llegado y ya no puedes parar entonces es el momento de aplicar la respiraci\u00f3 y el ejercicio de Mula bandha (llave ra\u00edz o llave del perineo) es una t\u00e9cnica de tantra yoga donde se realiza un cierre energ\u00e9tico en el chackra Muladhara. Esto te ayudar\u00e1 a controlarte para que puedas disfrutar tu sexualidad sin ning\u00fan percance inesperado durante el acto con tu amada.<\/p>\n","protected":false},"excerpt":{"rendered":"<p>\u00bfSUFRIS DE EYACULACI\u00d3N PRECOZ O DIFUSI\u00d3N SEXUAL?\u00bfQUERES APRENDER A CONTROLARLO ATRAVES DEL M\u00c9TODOT\u00c1NTRICO? Controla la respiraci\u00f3n. Se dice que si controlas la respiraci\u00f3n, el semen tambi\u00e9n lo hace, es as\u00ed que cuando creas que est\u00e1s por eyacular, tienes que retener la respiraci\u00f3n por algunos segundos y exhalar lentamente. Ser\u00e1 dif\u00edcil al principio pero para nada imposible, gracias a mis m\u00e9todos y con compromiso puedes controlarlo.Al principio de la pr\u00e1ctica del sexo t\u00e1ntrico, el hombre es quien debe controlar los movimientos, as\u00ed le ser\u00e1 m\u00e1s f\u00e1cil parar cuando \u00e9l lo crea necesario.Lo mejor es la penetraci\u00f3n est\u00e1tica, un tiempo en el [&hellip;]<\/p>\n","protected":false},"author":1,"featured_media":51,"parent":0,"menu_order":0,"comment_status":"closed","ping_status":"closed","template":"","meta":{"_mi_skip_tracking":false},"_links":{"self":[{"href":"https:\/\/tantraelyogadelamor.com\/index.php\/wp-json\/wp\/v2\/pages\/50"}],"collection":[{"href":"https:\/\/tantraelyogadelamor.com\/index.php\/wp-json\/wp\/v2\/pages"}],"about":[{"href":"https:\/\/tantraelyogadelamor.com\/index.php\/wp-json\/wp\/v2\/types\/page"}],"author":[{"embeddable":true,"href":"https:\/\/tantraelyogadelamor.com\/index.php\/wp-json\/wp\/v2\/users\/1"}],"replies":[{"embeddable":true,"href":"https:\/\/tantraelyogadelamor.com\/index.php\/wp-json\/wp\/v2\/comments?post=50"}],"version-history":[{"count":1,"href":"https:\/\/tantraelyogadelamor.com\/index.php\/wp-json\/wp\/v2\/pages\/50\/revisions"}],"predecessor-version":[{"id":52,"href":"https:\/\/tantraelyogadelamor.com\/index.php\/wp-json\/wp\/v2\/pages\/50\/revisions\/52"}],"wp:featuredmedia":[{"embeddable":true,"href":"https:\/\/tantraelyogadelamor.com\/index.php\/wp-json\/wp\/v2\/media\/51"}],"wp:attachment":[{"href":"https:\/\/tantraelyogadelamor.com\/index.php\/wp-json\/wp\/v2\/media?parent=50"}],"curies":[{"name":"wp","href":"https:\/\/api.w.org\/{rel}","templated":true}]}}