{"id":54,"date":"2021-10-02T21:46:01","date_gmt":"2021-10-02T21:46:01","guid":{"rendered":"http:\/\/tantraelyogadelamor.com\/?page_id=54"},"modified":"2021-10-02T21:46:02","modified_gmt":"2021-10-02T21:46:02","slug":"masajes-chiva","status":"publish","type":"page","link":"https:\/\/tantraelyogadelamor.com\/index.php\/masajes-chiva\/","title":{"rendered":"MASAJES CHIVA"},"content":{"rendered":"\n<p>Masaje kundalini t\u00e1ntrico, para el hombre que padezcan difusiones sexuales. Adoraci\u00f3n de Lingam, fortalece el v\u00ednculo de intimidad contigo mismo, es una pr\u00e1ctica muy amorosa te conecta con tu sensibilidad, ayuda a disfrutar y sanar cualquier mala experiencia relacionado con la eyaculaci\u00f3n precoz,e impotencia sexual, la finalidad de este mensaje no es la eyaculaci\u00f3n. Si todo lo contrario, lo m\u00e1s importante de este masaje,es la energ\u00eda que se genera en el chackra ra\u00edz muladhra, aprender\u00e1s a controlar y transmutar tu energia sexual, hacia los niveles m\u00e1s altos, donde solo existe el amor, el placer y la magia, aporta vitalidad y riqueza espiritual, a mas control mayor placer.<br>\u00danico objetivo es ayudar a todos aquellos que sufren y quieran mojar su calidad de vida sexual y obtener mayor salud a nivel f\u00edsico mental emocional y espiritual.<br>Ya consultaste a tu m\u00e9dico y probaste de todo y nada te dio resultado? No dude en hacer tu consulta. Est\u00e1 comprobado que el m\u00e9todo t\u00e1ntrico funciona.<\/p>\n","protected":false},"excerpt":{"rendered":"<p>Masaje kundalini t\u00e1ntrico, para el hombre que padezcan difusiones sexuales. Adoraci\u00f3n de Lingam, fortalece el v\u00ednculo de intimidad contigo mismo, es una pr\u00e1ctica muy amorosa te conecta con tu sensibilidad, ayuda a disfrutar y sanar cualquier mala experiencia relacionado con la eyaculaci\u00f3n precoz,e impotencia sexual, la finalidad de este mensaje no es la eyaculaci\u00f3n. Si todo lo contrario, lo m\u00e1s importante de este masaje,es la energ\u00eda que se genera en el chackra ra\u00edz muladhra, aprender\u00e1s a controlar y transmutar tu energia sexual, hacia los niveles m\u00e1s altos, donde solo existe el amor, el placer y la magia, aporta vitalidad y [&hellip;]<\/p>\n","protected":false},"author":1,"featured_media":55,"parent":0,"menu_order":0,"comment_status":"closed","ping_status":"closed","template":"","meta":{"_mi_skip_tracking":false},"_links":{"self":[{"href":"https:\/\/tantraelyogadelamor.com\/index.php\/wp-json\/wp\/v2\/pages\/54"}],"collection":[{"href":"https:\/\/tantraelyogadelamor.com\/index.php\/wp-json\/wp\/v2\/pages"}],"about":[{"href":"https:\/\/tantraelyogadelamor.com\/index.php\/wp-json\/wp\/v2\/types\/page"}],"author":[{"embeddable":true,"href":"https:\/\/tantraelyogadelamor.com\/index.php\/wp-json\/wp\/v2\/users\/1"}],"replies":[{"embeddable":true,"href":"https:\/\/tantraelyogadelamor.com\/index.php\/wp-json\/wp\/v2\/comments?post=54"}],"version-history":[{"count":1,"href":"https:\/\/tantraelyogadelamor.com\/index.php\/wp-json\/wp\/v2\/pages\/54\/revisions"}],"predecessor-version":[{"id":56,"href":"https:\/\/tantraelyogadelamor.com\/index.php\/wp-json\/wp\/v2\/pages\/54\/revisions\/56"}],"wp:featuredmedia":[{"embeddable":true,"href":"https:\/\/tantraelyogadelamor.com\/index.php\/wp-json\/wp\/v2\/media\/55"}],"wp:attachment":[{"href":"https:\/\/tantraelyogadelamor.com\/index.php\/wp-json\/wp\/v2\/media?parent=54"}],"curies":[{"name":"wp","href":"https:\/\/api.w.org\/{rel}","templated":true}]}}