{"id":61,"date":"2021-10-04T18:54:01","date_gmt":"2021-10-04T18:54:01","guid":{"rendered":"http:\/\/tantraelyogadelamor.com\/?page_id=61"},"modified":"2021-10-21T18:07:41","modified_gmt":"2021-10-21T18:07:41","slug":"nosotros","status":"publish","type":"page","link":"https:\/\/tantraelyogadelamor.com\/index.php\/nosotros\/","title":{"rendered":"Nosotros"},"content":{"rendered":"\n<p>TANTRA EL YOGA DEL AMOR&nbsp;<\/p>\n\n\n\n<p>BIENESTAR &amp; SALUD .<\/p>\n\n\n\n<p>VERDADERA ENSE\u00d1ANZA DE&nbsp; T\u00c1NTRA YOGA KUNDALINI.&nbsp;<\/p>\n\n\n\n<p>PR\u00c1CTICA INDIVIDUAL PODES VENIR SOLO, O CON TU&nbsp; PAREJA.<\/p>\n\n\n\n<p>MI NOMBRE ES ASHLY, SOY MAESTRA CERTIFICADA DE TANTRA YOGA KUNDALINI, MOTIVADORA PERSONAL DE TANTRA Y TERAPEUTA EN REEDUCACI\u00d3N SEXUAL. TANTRA ES MI ESPIRITU, Y MI DESAF\u00cdO DE VIDA PARA LEVANTARME&nbsp; TODOS LOS D\u00cdAS DE MI VIDA , MUY AGRADECIDA.<\/p>\n\n\n\n<p>A MI ME CAMBIO LA VIDA, LA ENERG\u00cdA&nbsp; Y&nbsp; LA MENTE.<\/p>\n\n\n\n<p>SI YO PUDE, VOS TAMBI\u00c9N PODES.&nbsp;TANTRA ME PERMITIO MOVERME DE MI ZONA DE CONFORT, ESO ME EXIJE SO\u00d1AR, CREER, SER FLEXIBLE, PERCISTENTE HASTA LOGRAR TODO AQUELLO QUE ME HACE FELIZ, ABRAZAR LA VIDA Y ENTREGARME A LO DESCONOCIDO, CON LOS OJOS CERRADOS Y CON EL ALMA ABIERTA.<\/p>\n\n\n\n<p>TE DOY LA BIENVENIDA\/0 A DESAF\u00cdO&nbsp; Y MOTIVACION PERSONAL DE TANTRA YOGA KUNDALINI.&nbsp;<\/p>\n\n\n\n<p>ME ESPECIALIZO EN LA SEXUALIDAD SAGRADA TANTRICA Y TERAPEUTA&nbsp; EN EDUCACI\u00d3N SEXUAL.<\/p>\n\n\n\n<p>CON LA TERAPIA TANTRICA CAMBIAR\u00c1 TU VIDA Y SANAR\u00c1 TU ALMA.<\/p>\n\n\n\n<p>FUI CAPACITADA EN EUROPA&nbsp; EN UN CENTRO DE&nbsp; GRUPO CERRADO EN ESPA\u00d1A Y&nbsp; EN PARIS EN UN CENTRO ASHRAM&nbsp; ESPIRITUAL.<\/p>\n\n\n\n<p>TENGO 17 A\u00d1OS&nbsp; DE PREPARACI\u00d3N, EXPERIENCIA Y CONOCIMIENTOS&nbsp;<\/p>\n\n\n\n<p>TANTRA ES&nbsp; MI MOTOR, AMO ESTA FILOSOF\u00cdA DE VIDA, CADA RESPIRACI\u00d3N TANTRICA ME LLENA EL ALMA.<\/p>\n\n\n\n<p>MI MISI\u00d3N ES ACOMPA\u00d1AR A&nbsp; LAS PERSONAS A DESCUBRIR SU POTENCIAL Y AYUDARLO EN SU AUTOCONOCIMIENTO&nbsp; PARA QUE PUEDAN DESARROLLARSE Y&nbsp; EQUILIBRARSE, FISICA, MENTAL, EMOCIONAL Y ESPIRITUALMENTE. SIEMPRE DESDE EL RESPETO Y LA HUMILDAD.&nbsp;<\/p>\n\n\n\n<p>EN NUESTRO CENTRO DE T\u00c1NTRA &#8220;ASHRAM ESPIRITUAL.<\/p>\n\n\n\n<p>ATIENDO SOLO A GENTE SERIA QUE BUSCA SU PRIVACIDAD Y TODA LA TRANQUILIDAD QUE UNO MERECE.<\/p>\n\n\n\n<p>ENSE\u00d1ANZA MILENARIA TRA\u00cdDA DESDE LA INDIA.<\/p>\n\n\n\n<p>MI COMPROMISO CON CADA PARTICIPANTE ES SERIO, NO DUDES EN COMPROBAR POR TI MISMO\/A.<\/p>\n\n\n\n<p>MI \u00daNICO OBJETIVO ES EL COMPROMISO Y LA HONESTIDAD, DESCUBRE TODO MI SECRETO.<\/p>\n\n\n\n<p>DALE AN\u00cdMATE, NO TE QUEDES CON LO QUE TE CONTARON POR&nbsp; AH\u00cd,&nbsp; O LO QUE LE\u00cdSTE SOLO&nbsp; POR INTERNET, TANTRA ES PARA VIVIR EXPERIENCIA ENRIQUECEDORA.<\/p>\n\n\n\n<p>EL MEDOTO TANTRICO FUNCIONA.<\/p>\n\n\n\n<p>ESTOY AQU\u00cd PARA QUE PUEDAN ACLARAR TODAS SUS DUDAS,<\/p>\n\n\n\n<p>NO CAIGAN EN MANOS DE GENTE CHANTA, &#8220;OJO&#8221;. AVERIGUEN BIEN,&nbsp; PARA ESO DOY UNA CHARLA INTRODUCTORIA PARA QUE TE INSTRUYAS&nbsp; MEJOR SOBRE EL TANTRA<\/p>\n\n\n\n<p>CELULAR &#8211; WHATSAPP +54 9 11 30671233<\/p>\n","protected":false},"excerpt":{"rendered":"<p>TANTRA EL YOGA DEL AMOR&nbsp; BIENESTAR &amp; SALUD . VERDADERA ENSE\u00d1ANZA DE&nbsp; T\u00c1NTRA YOGA KUNDALINI.&nbsp; PR\u00c1CTICA INDIVIDUAL PODES VENIR SOLO, O CON TU&nbsp; PAREJA. MI NOMBRE ES ASHLY, SOY MAESTRA CERTIFICADA DE TANTRA YOGA KUNDALINI, MOTIVADORA PERSONAL DE TANTRA Y TERAPEUTA EN REEDUCACI\u00d3N SEXUAL. TANTRA ES MI ESPIRITU, Y MI DESAF\u00cdO DE VIDA PARA LEVANTARME&nbsp; TODOS LOS D\u00cdAS DE MI VIDA , MUY AGRADECIDA. A MI ME CAMBIO LA VIDA, LA ENERG\u00cdA&nbsp; Y&nbsp; LA MENTE. SI YO PUDE, VOS TAMBI\u00c9N PODES.&nbsp;TANTRA ME PERMITIO MOVERME DE MI ZONA DE CONFORT, ESO ME EXIJE SO\u00d1AR, CREER, SER FLEXIBLE, PERCISTENTE HASTA LOGRAR TODO [&hellip;]<\/p>\n","protected":false},"author":1,"featured_media":152,"parent":0,"menu_order":0,"comment_status":"closed","ping_status":"closed","template":"","meta":{"_mi_skip_tracking":false},"_links":{"self":[{"href":"https:\/\/tantraelyogadelamor.com\/index.php\/wp-json\/wp\/v2\/pages\/61"}],"collection":[{"href":"https:\/\/tantraelyogadelamor.com\/index.php\/wp-json\/wp\/v2\/pages"}],"about":[{"href":"https:\/\/tantraelyogadelamor.com\/index.php\/wp-json\/wp\/v2\/types\/page"}],"author":[{"embeddable":true,"href":"https:\/\/tantraelyogadelamor.com\/index.php\/wp-json\/wp\/v2\/users\/1"}],"replies":[{"embeddable":true,"href":"https:\/\/tantraelyogadelamor.com\/index.php\/wp-json\/wp\/v2\/comments?post=61"}],"version-history":[{"count":6,"href":"https:\/\/tantraelyogadelamor.com\/index.php\/wp-json\/wp\/v2\/pages\/61\/revisions"}],"predecessor-version":[{"id":156,"href":"https:\/\/tantraelyogadelamor.com\/index.php\/wp-json\/wp\/v2\/pages\/61\/revisions\/156"}],"wp:featuredmedia":[{"embeddable":true,"href":"https:\/\/tantraelyogadelamor.com\/index.php\/wp-json\/wp\/v2\/media\/152"}],"wp:attachment":[{"href":"https:\/\/tantraelyogadelamor.com\/index.php\/wp-json\/wp\/v2\/media?parent=61"}],"curies":[{"name":"wp","href":"https:\/\/api.w.org\/{rel}","templated":true}]}}