{"id":67,"date":"2021-10-04T18:56:17","date_gmt":"2021-10-04T18:56:17","guid":{"rendered":"http:\/\/tantraelyogadelamor.com\/?page_id=67"},"modified":"2021-10-04T21:48:24","modified_gmt":"2021-10-04T21:48:24","slug":"consultas","status":"publish","type":"page","link":"https:\/\/tantraelyogadelamor.com\/index.php\/consultas\/","title":{"rendered":"Consultas"},"content":{"rendered":"\n<p class=\"has-vivid-red-color has-text-color has-medium-font-size\">Tantra propone un m\u00e9todo curativo.<\/p>\n\n\n\n<p class=\"has-vivid-red-color has-text-color has-medium-font-size\">No atiendo a nadie sin charla introductoria, no doy turno para el mismo d\u00eda, tengo mucho compromiso y&nbsp;&nbsp; me gusta trabajar con responsabilidad,<\/p>\n\n\n\n<p class=\"has-vivid-red-color has-text-color has-medium-font-size\">Es muy importante un encuentro personalizado y relajado.<\/p>\n\n\n\n<p class=\"has-vivid-red-color has-text-color has-medium-font-size\">Respetando siempre los protocolos del Gobierno Nacional (DNU), la pr\u00e1ctica es presencial: individual y\/o parejas.&nbsp;<\/p>\n\n\n\n<p class=\"has-vivid-red-color has-text-color has-medium-font-size\">\u00danico requisito. La reserva se hace \u00fanicamente por transferencia,&nbsp;<\/p>\n\n\n\n<p class=\"has-vivid-red-color has-text-color has-medium-font-size\">(Solicitar Cuenta (CBU)por WhatsApp al 1130671233) para la transacci\u00f3n.&nbsp;<\/p>\n\n\n\n<p class=\"has-vivid-red-color has-text-color has-medium-font-size\">Costo de reserva individual $2000. El resto lo abonas en el centro ASHRAM TANTRA.&nbsp;<\/p>\n\n\n\n<p class=\"has-vivid-red-color has-text-color has-medium-font-size\">Costo de reserva, parejas por transferencia con ($4000)es la forma mas segura y confiable,&nbsp; tu ticket de comprobante es tu seguridad y la m\u00eda. Vos me cuidas a mi yo te cuido a vos. El resto lo abonas en el centro ASHRAM TANTRA.&nbsp;<\/p>\n\n\n\n<p class=\"has-vivid-red-color has-text-color has-medium-font-size\">Requisito importante para la pr\u00e1ctica entrevista previa con la maestra Ashli<\/p>\n\n\n\n<p class=\"has-medium-font-size\"><span class=\"has-inline-color has-vivid-red-color\">El Tantra cuenta con:\u00a0 masajes sensuales envolventes y energizantes que\u00a0 consisten en grandes movimientos de uni\u00f3n entre todas las partes del cuerpo y el tacto sobre los 7 chakras (Puntos de energ\u00eda), los movimientos de los masajes consisten en presiones ligeras, suaves y lentas, se realizan desde los pies a la cabeza, para eliminar contracturas, estr\u00e9s, tensiones y cualquier agotamiento f\u00edsico, cu\u00e1ndo la energ\u00eda se encuentra en baja vibraci\u00f3n todo ser\u00e1 m\u00e1s dif\u00edcil, lo que buscamos a trav\u00e9s de esta pr\u00e1ctica es aumentar la vibraci\u00f3n para lograr el equilibrio f\u00edsico, entre cuerpo mente y esp\u00edritu. La respiraci\u00f3n es importante en el masaje para\u00a0 desbloquear emociones e ir poco a poco hacia un estado de mayor estado de\u00a0 paz y tranquilidad. Tantra aconseja como muy importante &#8221; no perder la energ\u00eda sexual en el hombre&#8221;. Tal fuerza puede utilizarse para que hacienda por la columna astral y as\u00ed\u00a0 activar los 7 chakras de la conciencia. En esta activaci\u00f3n la energ\u00eda se eleva justamente con la presi\u00f3n interna de la luz interior como una puerta que se abre al infinito. Tantra dice: primero purificar el cuerpo de todas las represiones. Permite que la energ\u00eda fluya y as\u00ed\u00a0 eliminar todos los bloqueos existentes.Con tantra afloja esta tensi\u00f3n bloqueada y tu energ\u00eda comienza a fluir de manera continua y natural. Manos a la obra y\u00a0 a recuperar la energ\u00eda vital. Tantra es\u00a0 una revoluci\u00f3n interna para despojarse de todas creencias limitantes\u00a0 moralidades y conceptos de la mente, para crear el espacio interno que uno precisa para conseguir la verdad infinita. M\u00e1s informaci\u00f3n sobre el m\u00e9todo tanto y sus beneficios y whatsapp 1130671233. Abrazo infinito t\u00e1ntrico. Adi Sakti. Namaste<\/span><\/p>\n","protected":false},"excerpt":{"rendered":"<p>Tantra propone un m\u00e9todo curativo. No atiendo a nadie sin charla introductoria, no doy turno para el mismo d\u00eda, tengo mucho compromiso y&nbsp;&nbsp; me gusta trabajar con responsabilidad, Es muy importante un encuentro personalizado y relajado. Respetando siempre los protocolos del Gobierno Nacional (DNU), la pr\u00e1ctica es presencial: individual y\/o parejas.&nbsp; \u00danico requisito. La reserva se hace \u00fanicamente por transferencia,&nbsp; (Solicitar Cuenta (CBU)por WhatsApp al 1130671233) para la transacci\u00f3n.&nbsp; Costo de reserva individual $2000. El resto lo abonas en el centro ASHRAM TANTRA.&nbsp; Costo de reserva, parejas por transferencia con ($4000)es la forma mas segura y confiable,&nbsp; tu ticket de [&hellip;]<\/p>\n","protected":false},"author":1,"featured_media":0,"parent":0,"menu_order":0,"comment_status":"closed","ping_status":"closed","template":"","meta":{"_mi_skip_tracking":false},"_links":{"self":[{"href":"https:\/\/tantraelyogadelamor.com\/index.php\/wp-json\/wp\/v2\/pages\/67"}],"collection":[{"href":"https:\/\/tantraelyogadelamor.com\/index.php\/wp-json\/wp\/v2\/pages"}],"about":[{"href":"https:\/\/tantraelyogadelamor.com\/index.php\/wp-json\/wp\/v2\/types\/page"}],"author":[{"embeddable":true,"href":"https:\/\/tantraelyogadelamor.com\/index.php\/wp-json\/wp\/v2\/users\/1"}],"replies":[{"embeddable":true,"href":"https:\/\/tantraelyogadelamor.com\/index.php\/wp-json\/wp\/v2\/comments?post=67"}],"version-history":[{"count":4,"href":"https:\/\/tantraelyogadelamor.com\/index.php\/wp-json\/wp\/v2\/pages\/67\/revisions"}],"predecessor-version":[{"id":244,"href":"https:\/\/tantraelyogadelamor.com\/index.php\/wp-json\/wp\/v2\/pages\/67\/revisions\/244"}],"wp:attachment":[{"href":"https:\/\/tantraelyogadelamor.com\/index.php\/wp-json\/wp\/v2\/media?parent=67"}],"curies":[{"name":"wp","href":"https:\/\/api.w.org\/{rel}","templated":true}]}}